{"id":1136,"date":"2023-03-21T04:58:40","date_gmt":"2023-03-21T04:58:40","guid":{"rendered":"https:\/\/laweddingchapel.com\/?page_id=1136"},"modified":"2023-03-21T05:00:11","modified_gmt":"2023-03-21T05:00:11","slug":"legal-services-backup","status":"publish","type":"page","link":"https:\/\/laweddingchapel.com\/es\/legal-services-backup\/","title":{"rendered":"Legal Services backup"},"content":{"rendered":"<div class=\"vc_row wpb_row vc_row-fluid vc_custom_1461826942378 vc_row-has-fill\"><div class=\"wpb_column vc_column_container vc_col-sm-12\"><div class=\"vc_column-inner\"><div class=\"wpb_wrapper\"><div class=\"sc_section margin_top_huge margin_bottom_huge\"><div class=\"sc_section_inner\"><h2 class=\"sc_section_title sc_item_title sc_item_title_with_descr\">Servicios Legales<\/h2><div class=\"sc_section_descr sc_item_descr\">Consulta gratuita. Ll\u00e1menos (323) .265.3096<\/div><div class=\"sc_section_content_wrap\"><div class=\"columns_wrap sc_columns columns_nofluid sc_columns_count_2 margin_top_small\"><div class=\"column-1_2 sc_column_item sc_column_item_1 odd first\"><div class=\"wpb_gallery wpb_content_element vc_clearfix\" ><div class=\"wpb_wrapper\"><div class=\"wpb_gallery_slides wpb_flexslider flexslider_fade flexslider\" data-interval=\"5\" data-flex_fx=\"fade\"><ul class=\"slides\"><li><img width=\"300\" height=\"197\" src=\"https:\/\/laweddingchapel.com\/wp-content\/uploads\/legal3-300x197.jpg\" class=\"attachment-medium\" alt=\"\" decoding=\"async\" loading=\"lazy\" srcset=\"https:\/\/laweddingchapel.com\/wp-content\/uploads\/legal3-300x197.jpg 300w, https:\/\/laweddingchapel.com\/wp-content\/uploads\/legal3.jpg 550w\" sizes=\"(max-width: 300px) 100vw, 300px\" \/><\/li><li><img width=\"300\" height=\"197\" src=\"https:\/\/laweddingchapel.com\/wp-content\/uploads\/legal5-300x197.jpg\" class=\"attachment-medium\" alt=\"\" decoding=\"async\" loading=\"lazy\" srcset=\"https:\/\/laweddingchapel.com\/wp-content\/uploads\/legal5-300x197.jpg 300w, https:\/\/laweddingchapel.com\/wp-content\/uploads\/legal5.jpg 550w\" sizes=\"(max-width: 300px) 100vw, 300px\" \/><\/li><li><img width=\"300\" height=\"197\" src=\"https:\/\/laweddingchapel.com\/wp-content\/uploads\/legal4-300x197.jpg\" class=\"attachment-medium\" alt=\"\" decoding=\"async\" loading=\"lazy\" srcset=\"https:\/\/laweddingchapel.com\/wp-content\/uploads\/legal4-300x197.jpg 300w, https:\/\/laweddingchapel.com\/wp-content\/uploads\/legal4.jpg 550w\" sizes=\"(max-width: 300px) 100vw, 300px\" \/><\/li><li><img width=\"300\" height=\"197\" src=\"https:\/\/laweddingchapel.com\/wp-content\/uploads\/legal2-300x197.jpg\" class=\"attachment-medium\" alt=\"\" decoding=\"async\" loading=\"lazy\" srcset=\"https:\/\/laweddingchapel.com\/wp-content\/uploads\/legal2-300x197.jpg 300w, https:\/\/laweddingchapel.com\/wp-content\/uploads\/legal2.jpg 550w\" sizes=\"(max-width: 300px) 100vw, 300px\" \/><\/li><li><img width=\"300\" height=\"197\" src=\"https:\/\/laweddingchapel.com\/wp-content\/uploads\/legal1-300x197.jpg\" class=\"attachment-medium\" alt=\"\" decoding=\"async\" loading=\"lazy\" srcset=\"https:\/\/laweddingchapel.com\/wp-content\/uploads\/legal1-300x197.jpg 300w, https:\/\/laweddingchapel.com\/wp-content\/uploads\/legal1.jpg 550w\" sizes=\"(max-width: 300px) 100vw, 300px\" \/><\/li><\/ul><\/div><\/div><\/div><\/div><div class=\"column-1_2 sc_column_item sc_column_item_2 even\">\n\t<div class=\"wpb_text_column wpb_content_element\" >\n\t\t<div class=\"wpb_wrapper\">\n\t\t\t<p>Adem\u00e1s de bodas, tambi\u00e9n hacemos Divorcios y ayudamos a nuestros clientes con cualquier otro asunto legal como:<\/p>\n<ul>\n<li style=\"font-size: 18px !important;\">Divorcios<\/li>\n<li style=\"font-size: 18px !important;\">Notary Public<\/li>\n<li style=\"font-size: 18px !important;\">Fideicomisos<\/li>\n<li style=\"font-size: 18px !important;\">Acuerdos Prenupciales<\/li>\n<li style=\"font-size: 18px !important;\">Carta Poder<\/li>\n<li style=\"font-size: 18px !important;\">Custodia para menores<\/li>\n<li style=\"font-size: 18px !important;\">Apostillados<\/li>\n<\/ul>\n\n\t\t<\/div>\n\t<\/div>\n<a href=\"https:\/\/laweddingchapel.com\/es\/contacts\/\" data-animation=\"animated bounceInLeft normal\" class=\"sc_button sc_button_square sc_button_style_filled sc_button_size_small alignright margin_top_small  sc_button_iconed icon-phone\">Ll\u00e1menos<\/a><\/div><\/div><\/div><\/div><\/div><\/div><\/div><\/div><\/div><div data-vc-full-width=\"true\" data-vc-full-width-init=\"false\" class=\"vc_row wpb_row vc_row-fluid vc_custom_1461826978826 vc_row-has-fill\"><div class=\"wpb_column vc_column_container vc_col-sm-12\"><div class=\"vc_column-inner\"><div class=\"wpb_wrapper\"><div class=\"sc_section margin_top_small margin_bottom_huge\"><div class=\"sc_section_inner\"><h2 class=\"sc_section_title sc_item_title sc_item_title_with_descr\">Divorcios<\/h2><div class=\"sc_section_descr sc_item_descr\">Simple, accesible, confidencial. Haya o no acuerdo, el divorcio es factible<\/div><div class=\"sc_section_content_wrap\"><div class=\"columns_wrap sc_columns columns_nofluid sc_columns_count_2 margin_top_medium\"><div class=\"column-1_2 sc_column_item sc_column_item_1 odd first\">\n\t<div class=\"wpb_text_column wpb_content_element  vc_custom_1619654297870\" >\n\t\t<div class=\"wpb_wrapper\">\n\t\t\t<h6>Incluso si su c\u00f3nyuge vive en otro pa\u00eds<\/h6>\n<p>Requisitos para Divorcio<\/p>\n<ol>\n<li>Identificaci\u00f3n personal - ID de California \/ Matr\u00edcula o Pasaporte v\u00e1lido.<\/li>\n<li>Nombre y Direcci\u00f3n - de ambas partes.<\/li>\n<li>Nombre y certificado de nacimiento  - de los hijos menores a 18 a\u00f1os.<\/li>\n<li>Copia de la Licencia de Matrimonio - o la fecha del Matrimonio.<\/li>\n<\/ol>\n<p>Costs:\u00a0 \u00a0 US$ 900\u00a0 \u00a0( US$ 435 Court Fee, fee waiver available )<\/p>\n<p>\u00a1El divorcio se hace f\u00e1cil cuando has intentado todo, un divorcio es solo tr\u00e1mite y no tienes que hacerlo solo!<\/p>\n\n\t\t<\/div>\n\t<\/div>\n<a href=\"https:\/\/laweddingchapel.com\/es\/contacts\/\" data-animation=\"animated bounceInLeft normal\" class=\"sc_button sc_button_square sc_button_style_filled sc_button_size_small alignleft margin_top_small  sc_button_iconed icon-phone\">Ll\u00e1menos<\/a><\/div><div class=\"column-1_2 sc_column_item sc_column_item_2 even\">\n\t<div  class=\"wpb_single_image wpb_content_element vc_align_left\">\n\t\t\n\t\t<figure class=\"wpb_wrapper vc_figure\">\n\t\t\t<div class=\"vc_single_image-wrapper vc_box_shadow_3d  vc_box_border_grey\"><img width=\"550\" height=\"362\" src=\"https:\/\/laweddingchapel.com\/wp-content\/uploads\/legal1.jpg\" class=\"vc_single_image-img attachment-large\" alt=\"\" decoding=\"async\" loading=\"lazy\" srcset=\"https:\/\/laweddingchapel.com\/wp-content\/uploads\/legal1.jpg 550w, https:\/\/laweddingchapel.com\/wp-content\/uploads\/legal1-300x197.jpg 300w\" sizes=\"(max-width: 550px) 100vw, 550px\" \/><\/div>\n\t\t<\/figure>\n\t<\/div>\n<\/div><\/div><\/div><\/div><\/div><\/div><\/div><\/div><\/div><div class=\"vc_row-full-width vc_clearfix\"><\/div><div data-vc-full-width=\"true\" data-vc-full-width-init=\"false\" class=\"vc_row wpb_row vc_row-fluid vc_custom_1461827008050 vc_row-has-fill\"><div class=\"wpb_column vc_column_container vc_col-sm-6\"><div class=\"vc_column-inner vc_custom_1594431787879\"><div class=\"wpb_wrapper\"><h3 class=\"sc_title sc_title_regular sc_align_center\" style=\"text-align:center;\">Acuerdo Prenupcial<\/h3>\n\t<div class=\"wpb_text_column wpb_content_element  vc_custom_1594537785996\" >\n\t\t<div class=\"wpb_wrapper\">\n\t\t\t<p>Un acuerdo prenupcial puede proteger los derechos de herencia de hijos y nietos de un matrimonio anterior.<br \/>\nSi tiene su propio negocio o practica una pr\u00e1ctica profesional, un acuerdo prenupcial puede proteger sus intereses para que su negocio o pr\u00e1ctica no est\u00e9 sujeta al control de su ex c\u00f3nyuge en caso de divorcio.<br \/>\nSi un c\u00f3nyuge est\u00e1 mucho m\u00e1s endeudado que el otro, un acuerdo prenupcial puede proteger al otro c\u00f3nyuge de asumir las obligaciones del c\u00f3nyuge endeudado.<\/p>\n\n\t\t<\/div>\n\t<\/div>\n<\/div><\/div><\/div><div class=\"wpb_column vc_column_container vc_col-sm-6\"><div class=\"vc_column-inner\"><div class=\"wpb_wrapper\"><h3 class=\"sc_title sc_title_regular sc_align_center\" style=\"text-align:center;\">Fideicomisos<\/h3>\n\t<div class=\"wpb_text_column wpb_content_element  vc_custom_1594537602773\" >\n\t\t<div class=\"wpb_wrapper\">\n\t\t\t<p>Un fideicomiso en vida revocable es un documento legal que le otorga la autoridad para tomar decisiones sobre el dinero o los activos de otra persona en un fideicomiso.<\/p>\n\n\t\t<\/div>\n\t<\/div>\n\n\t<div class=\"wpb_text_column wpb_content_element  vc_custom_1594432065290\" >\n\t\t<div class=\"wpb_wrapper\">\n\t\t\t<p>Declaraci\u00f3n voluntaria de una persona que expresa lo que quiere que se haga con su propiedad despu\u00e9s de su muerte; Es un acto solemne sujeto a ciertos requisitos de forma y que necesariamente incluye la instituci\u00f3n de un heredero.<\/p>\n\n\t\t<\/div>\n\t<\/div>\n<\/div><\/div><\/div><\/div><div class=\"vc_row-full-width vc_clearfix\"><\/div><div data-vc-full-width=\"true\" data-vc-full-width-init=\"false\" class=\"vc_row wpb_row vc_row-fluid vc_custom_1461827034652 vc_row-has-fill\"><div class=\"wpb_column vc_column_container vc_col-sm-8\"><div class=\"vc_column-inner\"><div class=\"wpb_wrapper\"><h3 class=\"sc_title sc_title_regular\">\u00bfTiene alguna pregunta? solo cont\u00e1ctenos<\/h3><\/div><\/div><\/div><div class=\"wpb_column vc_column_container vc_col-sm-4\"><div class=\"vc_column-inner\"><div class=\"wpb_wrapper\"><a href=\"https:\/\/laweddingchapel.com\/es\/contacts\/\" data-animation=\"animated bounceInLeft normal\" class=\"sc_button sc_button_square sc_button_style_filled sc_button_size_small alignleft margin_top_small  sc_button_iconed icon-phone\">Ll\u00e1menos<\/a><\/div><\/div><\/div><\/div><div class=\"vc_row-full-width vc_clearfix\"><\/div>","protected":false},"excerpt":{"rendered":"Legal ServicesFree Consultation. Call Us (323).265.3096 Apart from weddings, we also do Divorces and assist our customers with any other legal matter like: Divorces Notary Public Living Trust Prenuptial Agreements General Power Of Attorney Guardianship letter Apostilled Call UsDivorcesSimple, affordable, confidential. Whether or not in agreement divorce is doable Even if your spouse lives in [...]","protected":false},"author":1,"featured_media":0,"parent":0,"menu_order":0,"comment_status":"closed","ping_status":"closed","template":"","meta":[],"_links":{"self":[{"href":"https:\/\/laweddingchapel.com\/es\/wp-json\/wp\/v2\/pages\/1136"}],"collection":[{"href":"https:\/\/laweddingchapel.com\/es\/wp-json\/wp\/v2\/pages"}],"about":[{"href":"https:\/\/laweddingchapel.com\/es\/wp-json\/wp\/v2\/types\/page"}],"author":[{"embeddable":true,"href":"https:\/\/laweddingchapel.com\/es\/wp-json\/wp\/v2\/users\/1"}],"replies":[{"embeddable":true,"href":"https:\/\/laweddingchapel.com\/es\/wp-json\/wp\/v2\/comments?post=1136"}],"version-history":[{"count":2,"href":"https:\/\/laweddingchapel.com\/es\/wp-json\/wp\/v2\/pages\/1136\/revisions"}],"predecessor-version":[{"id":1138,"href":"https:\/\/laweddingchapel.com\/es\/wp-json\/wp\/v2\/pages\/1136\/revisions\/1138"}],"wp:attachment":[{"href":"https:\/\/laweddingchapel.com\/es\/wp-json\/wp\/v2\/media?parent=1136"}],"curies":[{"name":"wp","href":"https:\/\/api.w.org\/{rel}","templated":true}]}}